{"id":31,"date":"2026-04-08T00:04:43","date_gmt":"2026-04-08T00:04:43","guid":{"rendered":"https:\/\/studiorder.com\/?page_id=31"},"modified":"2026-04-08T00:23:19","modified_gmt":"2026-04-08T00:23:19","slug":"auction-to-come","status":"publish","type":"page","link":"https:\/\/studiorder.com\/?page_id=31","title":{"rendered":"Auction to come"},"content":{"rendered":"<link rel=\"preload\" as=\"image\" href=\"https:\/\/studiorder.com\/wp-content\/uploads\/2026\/04\/picasso1.jpeg\" fetchpriority=\"high\" \/><div style=\"--vtg-grid-min-col:280px;--vtg-grid-gap:20px;--vtg-list-gap:40px;--vtg-list-default-width:100%;--vtg-grid-view-width:100%;--vtg-lightbox-bg:rgba(255,255,255,1);\" class=\"alignfull vtg-container--grid wp-block-vtg-grid-container\" data-default-view=\"grid\" data-grid-mode=\"auto-fill\" data-grid-layout=\"grid\" data-list-layout=\"lightbox\" data-container-id=\"vtg-2\" data-list-view-width=\"full\" data-grid-view-width=\"full\" data-lightbox-position=\"constrained\" data-lightbox-transition=\"cross-fade\" data-animate-scroll=\"1\" data-transition-fade=\"1\" data-lightbox-fade=\"1\" data-remember-state=\"1\"><div class=\"vtg-toggle-bar\" style=\"background-color:#ffffff;\" data-grid-view-toggle=\"icon\" data-list-view-toggle=\"icon\"><button class=\"vtg-toggle-button vtg-toggle-icon-mode\" aria-label=\"Switch to list view\" aria-pressed=\"true\" type=\"button\"><svg class=\"vtg-icon-grid\" viewBox=\"0 0 24 24\" width=\"20\" height=\"20\" fill=\"currentColor\" aria-hidden=\"true\">\r\n        <rect x=\"2\" y=\"2\" width=\"5.5\" height=\"5.5\" rx=\"1\" \/>\r\n        <rect x=\"9.25\" y=\"2\" width=\"5.5\" height=\"5.5\" rx=\"1\" \/>\r\n        <rect x=\"16.5\" y=\"2\" width=\"5.5\" height=\"5.5\" rx=\"1\" \/>\r\n        <rect x=\"2\" y=\"9.25\" width=\"5.5\" height=\"5.5\" rx=\"1\" \/>\r\n        <rect x=\"9.25\" y=\"9.25\" width=\"5.5\" height=\"5.5\" rx=\"1\" \/>\r\n        <rect x=\"16.5\" y=\"9.25\" width=\"5.5\" height=\"5.5\" rx=\"1\" \/>\r\n        <rect x=\"2\" y=\"16.5\" width=\"5.5\" height=\"5.5\" rx=\"1\" \/>\r\n        <rect x=\"9.25\" y=\"16.5\" width=\"5.5\" height=\"5.5\" rx=\"1\" \/>\r\n        <rect x=\"16.5\" y=\"16.5\" width=\"5.5\" height=\"5.5\" rx=\"1\" \/>\r\n    <\/svg><svg class=\"vtg-icon-list\" viewBox=\"0 0 24 24\" width=\"20\" height=\"20\" fill=\"none\" stroke=\"currentColor\" stroke-width=\"2.5\" stroke-linecap=\"round\" aria-hidden=\"true\">\r\n            <line x1=\"4\" y1=\"20\" x2=\"10\" y2=\"14\" \/>\r\n            <line x1=\"20\" y1=\"4\" x2=\"14\" y2=\"10\" \/>\r\n            <polyline points=\"15 4 20 4 20 9\" \/>\r\n            <polyline points=\"9 20 4 20 4 15\" \/>\r\n        <\/svg><span class=\"wp-block-navigation-item__label vtg-toggle-text\" data-list-text=\"List\" data-grid-text=\"Grid\">List<\/span><\/button><nav class=\"wp-block-navigation is-layout-flex vtg-toggle-nav vtg-toggle-text-mode\">\r\n            <div class=\"wp-block-navigation-item\">\r\n                <button class=\"wp-block-navigation-item__content vtg-toggle-button\" aria-label=\"Switch to list view\" aria-pressed=\"true\" type=\"button\"><svg class=\"vtg-icon-grid\" viewBox=\"0 0 24 24\" width=\"20\" height=\"20\" fill=\"currentColor\" aria-hidden=\"true\">\r\n        <rect x=\"2\" y=\"2\" width=\"5.5\" height=\"5.5\" rx=\"1\" \/>\r\n        <rect x=\"9.25\" y=\"2\" width=\"5.5\" height=\"5.5\" rx=\"1\" \/>\r\n        <rect x=\"16.5\" y=\"2\" width=\"5.5\" height=\"5.5\" rx=\"1\" \/>\r\n        <rect x=\"2\" y=\"9.25\" width=\"5.5\" height=\"5.5\" rx=\"1\" \/>\r\n        <rect x=\"9.25\" y=\"9.25\" width=\"5.5\" height=\"5.5\" rx=\"1\" \/>\r\n        <rect x=\"16.5\" y=\"9.25\" width=\"5.5\" height=\"5.5\" rx=\"1\" \/>\r\n        <rect x=\"2\" y=\"16.5\" width=\"5.5\" height=\"5.5\" rx=\"1\" \/>\r\n        <rect x=\"9.25\" y=\"16.5\" width=\"5.5\" height=\"5.5\" rx=\"1\" \/>\r\n        <rect x=\"16.5\" y=\"16.5\" width=\"5.5\" height=\"5.5\" rx=\"1\" \/>\r\n    <\/svg><svg class=\"vtg-icon-list\" viewBox=\"0 0 24 24\" width=\"20\" height=\"20\" fill=\"none\" stroke=\"currentColor\" stroke-width=\"2.5\" stroke-linecap=\"round\" aria-hidden=\"true\">\r\n            <line x1=\"4\" y1=\"20\" x2=\"10\" y2=\"14\" \/>\r\n            <line x1=\"20\" y1=\"4\" x2=\"14\" y2=\"10\" \/>\r\n            <polyline points=\"15 4 20 4 20 9\" \/>\r\n            <polyline points=\"9 20 4 20 4 15\" \/>\r\n        <\/svg><span class=\"wp-block-navigation-item__label vtg-toggle-text\" data-list-text=\"List\" data-grid-text=\"Grid\">List<\/span><\/button>\r\n            <\/div>\r\n        <\/nav><span class=\"vtg-sr-only\" aria-live=\"polite\" aria-atomic=\"true\"><\/span><\/div><div class=\"vtg-content-wrapper is-grid\">\n<div class=\"vtg-grid-item wp-block-vtg-grid-item\">\n\n<figure class=\"wp-block-image size-full vtg-grid-only\"><img loading=\"lazy\" decoding=\"async\" width=\"1024\" height=\"787\" src=\"https:\/\/studiorder.com\/wp-content\/uploads\/2026\/04\/picasso1.jpeg\" alt=\"\" class=\"wp-image-32\" srcset=\"https:\/\/studiorder.com\/wp-content\/uploads\/2026\/04\/picasso1.jpeg 1024w, https:\/\/studiorder.com\/wp-content\/uploads\/2026\/04\/picasso1-300x231.jpeg 300w, https:\/\/studiorder.com\/wp-content\/uploads\/2026\/04\/picasso1-768x590.jpeg 768w\" sizes=\"auto, (max-width: 1024px) 100vw, 1024px\" \/><figcaption class=\"wp-element-caption\">Property from a Private European Collection<br><br>Pablo Picasso<br><br>1881 &#8211; 1973<br><br>Nature morte<\/figcaption><\/figure>\n\n\n\n<div class=\"wp-block-group is-nowrap is-layout-flex wp-container-core-group-is-layout-40af6500 wp-block-group-is-layout-flex vtg-list-only vtg-list-width-wide\">\n<div class=\"wp-block-group is-vertical is-layout-flex wp-container-core-group-is-layout-831b2db5 wp-block-group-is-layout-flex\"><div class=\"vtg-slideshow vtg-slideshow-size-viewport-fit vtg-thumbs-left wp-block-vtg-slideshow\" data-transition=\"slide\" data-loop=\"1\" data-slide-count=\"2\" data-allow-skip=\"1\" data-hide-captions=\"1\" data-thumb-position=\"left\">\r\n        <div class=\"vtg-slideshow-viewport\">\r\n            <div class=\"vtg-slideshow-stage\"><div class=\"vtg-slide vtg-slide-active\">\n<figure class=\"wp-block-image size-full\"><img loading=\"lazy\" decoding=\"async\" width=\"1024\" height=\"787\" src=\"https:\/\/studiorder.com\/wp-content\/uploads\/2026\/04\/picasso1.jpeg\" alt=\"\" class=\"wp-image-32\" srcset=\"https:\/\/studiorder.com\/wp-content\/uploads\/2026\/04\/picasso1.jpeg 1024w, https:\/\/studiorder.com\/wp-content\/uploads\/2026\/04\/picasso1-300x231.jpeg 300w, https:\/\/studiorder.com\/wp-content\/uploads\/2026\/04\/picasso1-768x590.jpeg 768w\" sizes=\"auto, (max-width: 1024px) 100vw, 1024px\" \/><figcaption class=\"wp-element-caption\">Property from a Private European Collection<br><br>Pablo Picasso<br><br>1881 &#8211; 1973<br><br>Nature morte<\/figcaption><\/figure>\n<\/div><div class=\"vtg-slide\">\n<figure class=\"wp-block-image size-full\"><img loading=\"lazy\" decoding=\"async\" width=\"385\" height=\"339\" src=\"https:\/\/studiorder.com\/wp-content\/uploads\/2026\/04\/picasso2.jpeg\" alt=\"\" class=\"wp-image-33\" srcset=\"https:\/\/studiorder.com\/wp-content\/uploads\/2026\/04\/picasso2.jpeg 385w, https:\/\/studiorder.com\/wp-content\/uploads\/2026\/04\/picasso2-300x264.jpeg 300w\" sizes=\"auto, (max-width: 385px) 100vw, 385px\" \/><figcaption class=\"wp-element-caption\">Property from a Private European Collection<br><br>Pablo Picasso<br><br>1881 &#8211; 1973<br><br>Nature morte<\/figcaption><\/figure>\n<\/div><\/div>\r\n            \r\n        <\/div>\r\n        <div class=\"vtg-slideshow-thumbnails vtg-nav-thumbnails\"><\/div>\r\n    <\/div>\n\n\n<p class=\"wp-block-paragraph\">Lot Details<\/p>\n\n\n\n<p class=\"wp-block-paragraph\">Lire en fran\u00e7ais<\/p>\n\n\n\n<p class=\"wp-block-paragraph\">Description<\/p>\n\n\n\n<p class=\"wp-block-paragraph\">Property from a Private European Collection<\/p>\n\n\n\n<p class=\"wp-block-paragraph\">Pablo Picasso<\/p>\n\n\n\n<p class=\"wp-block-paragraph\">1881 &#8211; 1973<\/p>\n\n\n\n<p class=\"wp-block-paragraph\"><em>Nature morte<\/em><\/p>\n\n\n\n<p class=\"wp-block-paragraph\">signed&nbsp;<em>Picasso&nbsp;<\/em>and dated&nbsp;<em>18-4-21&nbsp;<\/em>(upper right)<\/p>\n\n\n\n<p class=\"wp-block-paragraph\">pastel on paper<\/p>\n\n\n\n<p class=\"wp-block-paragraph\">24,9 x 32,6 cm; 9\u00be x 12\u215e in.<\/p>\n\n\n\n<p class=\"wp-block-paragraph\">Executed on 18 April 1921.<\/p>\n\n\n\n<p class=\"wp-block-paragraph\">The authenticity of this work has been confirmed by Claude Picasso.<\/p>\n\n\n\n<p class=\"wp-block-paragraph\">Condition report<\/p>\n\n\n\n<p class=\"wp-block-paragraph\">Provenance<\/p>\n\n\n\n<p class=\"wp-block-paragraph\">Andr\u00e9 Level, Paris<\/p>\n\n\n\n<p class=\"wp-block-paragraph\">Andr\u00e9 Lef\u00e8vre, Paris (by 1963)<\/p>\n\n\n\n<p class=\"wp-block-paragraph\">Private collection, Paris (by descent from the above)<\/p>\n\n\n\n<p class=\"wp-block-paragraph\">Aguttes, Paris, 21 December 2007, lot 153 (consigned by the above)<\/p>\n\n\n\n<p class=\"wp-block-paragraph\">Private collection, France (acquired at the above sale)<\/p>\n\n\n\n<p class=\"wp-block-paragraph\">Aguttes, Paris, 5 December 2014, lot 43 (consigned by the above)<\/p>\n\n\n\n<p class=\"wp-block-paragraph\">Private collection (acquired at the above sale)<\/p>\n\n\n\n<p class=\"wp-block-paragraph\">Christie&#8217;s, London, 29 June 2022, lot 452 (consigned by the above)<\/p>\n\n\n\n<p class=\"wp-block-paragraph\">Acquired at the above sale by the present owner<\/p>\n\n\n\n<p class=\"wp-block-paragraph\">Exhibited<\/p>\n\n\n\n<p class=\"wp-block-paragraph\">Paris, Mus\u00e9e national d&#8217;art moderne,&nbsp;<em>Collection Andr\u00e9 Lef\u00e8vre<\/em>, 1964, no. 251<\/p>\n\n\n\n<p class=\"wp-block-paragraph\">Catalogue note<\/p>\n\n\n\n<p class=\"wp-block-paragraph\">\u00a9 Succession Picasso, Paris, 2026.<\/p>\n\n\n\n<p class=\"wp-block-paragraph\">Additional Notices &amp; Disclaimers<\/p>\n\n\n\n<p class=\"wp-block-paragraph\">Catalogue note<\/p>\n<\/div>\n\n\n\n<div class=\"wp-block-group is-vertical is-layout-flex wp-container-core-group-is-layout-831b2db5 wp-block-group-is-layout-flex wp-container-1 is-position-sticky\">\n<p class=\"wp-block-paragraph\">Property from a Private European Collection<\/p>\n\n\n\n<h1 class=\"wp-block-heading\">Pablo Picasso<\/h1>\n\n\n\n<p class=\"wp-block-paragraph\">Nature morte<\/p>\n\n\n\n<p class=\"wp-block-paragraph\"><a href=\"https:\/\/www.sothebys.com\/en\/buy\/auction\/2026\/art-moderne-et-contemporain-evening-auction-pf2606\/nature-morte?locale=en#\">Artist&#8217;s Resale Right<\/a><\/p>\n\n\n\n<p class=\"wp-block-paragraph\">Estimate<\/p>\n\n\n\n<p class=\"wp-block-paragraph\">180,000 &#8211; 250,000 EURRegister to Bid<\/p>\n<\/div>\n<\/div>\n\n\n\n<div class=\"wp-block-group has-global-padding is-layout-constrained wp-block-group-is-layout-constrained vtg-list-only vtg-list-width-content\">\n<p class=\"wp-block-paragraph\">It is extraordinary to think that in 1921, Picasso painted&nbsp;<em>Trois femmes \u00e0 la Fontaine&nbsp;<\/em>and&nbsp;<em>Trois Musiciens<\/em>; both canvases are held at the Museum of Modern Art (MoMA). The former is the paragon of the \u201cReturn to Order\u201d; after the devastation of the War, Picasso excelled in this Arcadian Neoclassicism steeped in Mediterranean light. The latter is, one might say, the synthesis of Synthetic Cubism, which originated in 1907 and developed out of the initial phase of Analytical Cubism.&nbsp;<em>Nature morte<\/em>&nbsp;dates from this exceptionally rich year, in which Picasso devised a style of full-bodied forms with mythological inflections while continuing to explore\u2014without ever exhausting it\u2014the possibilities of Cubism.<\/p>\n\n\n\n<p class=\"wp-block-paragraph\">While the central form of&nbsp;<em>Nature morte<\/em>&nbsp;may evoke a glass or a pitcher\u2014both recurring structural elements in Cubist still lifes\u2014the surrounding background is a juxtaposition of textures and materials rendered in&nbsp;<em>trompe-l\u2019\u0153il<\/em>&nbsp;that function as self-referential quotations. The grey sfumato recalls the color of the newspapers so often employed, while the faux-wood panels on either side of the composition similarly refer to the cut papers that appear from the earliest Cubist still lifes onward.<\/p>\n\n\n\n<p class=\"wp-block-paragraph\">Formerly in the collection of Andr\u00e9 Level\u2014French businessman and collector, notable for assembling the first collective fund dedicated to modern French art\u2014the work later entered the collection of Andr\u00e9 Lefebvre. In 1962, this banker donated major works from his collection to the French national museums, including works by L\u00e9ger, Braque, Juan Gris, and Picasso, among them a painting from the Cubist period,&nbsp;<em>Our Future Is in the Air<\/em>, now held at the Centre Pompidou.<\/p>\n\n\n\n<hr class=\"wp-block-separator has-alpha-channel-opacity\"\/>\n\n\n\n<p class=\"wp-block-paragraph\">Il est extraordinaire de penser qu\u2019en 1921, Picasso peint&nbsp;<em>Trois femmes \u00e0 la Fontaine&nbsp;<\/em>et<em>&nbsp;Trois Musiciens&nbsp;<\/em>; les deux toiles sont conserv\u00e9es au MoMA. La premi\u00e8re est le paragon du \u00ab Retour \u00e0 l\u2019ordre \u00bb ; apr\u00e8s le d\u00e9sastre de la Guerre, Picasso excelle dans ce N\u00e9o-classicisme arcadien baign\u00e9 de M\u00e9diterran\u00e9e. La seconde est la synth\u00e8se si l\u2019on ose dire du Cubisme synth\u00e9tique qui trouve sa source en 1907 et d\u00e9rive du Cubisme analytique initial.&nbsp;<em>Nature morte<\/em>&nbsp;date de cette ann\u00e9e tr\u00e8s riche o\u00f9 Picasso invente un style aux formes pleines et aux accents mythologiques tout en continuant \u00e0 explorer sans jamais l\u2019\u00e9puiser le Cubisme.<\/p>\n\n\n\n<p class=\"wp-block-paragraph\">Tandis que la forme centrale de&nbsp;<em>Nature morte<\/em>&nbsp;n\u2019est pas sans \u00e9voquer un verre ou un pichet qui sont l\u2019un ou l\u2019autre des \u00e9l\u00e9ments structurants et r\u00e9currents des natures mortes cubistes, l\u2019arri\u00e8re-plan alentours est une juxtaposition de textures et de mati\u00e8res en trompe-l\u2019\u0153il qui jouent comme des autocitations. Si le&nbsp;<em>sfumato<\/em>&nbsp;gris a la couleur des journaux force employ\u00e9s, le faux bois de part et d\u2019autre de la composition fait de la m\u00eame fa\u00e7on r\u00e9f\u00e9rence aux papiers d\u00e9coup\u00e9s qui peuplent d\u00e8s les premi\u00e8res natures mortes cubistes.<\/p>\n\n\n\n<p class=\"wp-block-paragraph\">Provenant de la collection Andr\u00e9 Level, homme d\u2019affaires et collectionneur fran\u00e7ais qui s\u2019illustra en constituant la premi\u00e8re collection d\u2019art moderne fran\u00e7ais en fonds collectif, l\u2019\u0153uvre passa ensuite dans la collection d\u2019Andr\u00e9 Lefebvre. En 1962, ce banquier fit don aux mus\u00e9es nationaux d\u2019\u0153uvres majeures de sa collection, parmi lesquelles des \u0153uvres de L\u00e9ger, Braque, Juan Gris, Picasso dont une toile de la p\u00e9riode cubiste,&nbsp;<em>Notre Avenir est dans l\u2019air<\/em>, aujourd\u2019hui conserv\u00e9e au Centre Pompidou.<\/p>\n<\/div>\n\n<\/div>\n\n<div class=\"vtg-grid-item wp-block-vtg-grid-item\">\n\n<figure class=\"wp-block-image size-full\"><img loading=\"lazy\" decoding=\"async\" width=\"1024\" height=\"787\" src=\"https:\/\/studiorder.com\/wp-content\/uploads\/2026\/04\/picasso1.jpeg\" alt=\"\" class=\"wp-image-32\" srcset=\"https:\/\/studiorder.com\/wp-content\/uploads\/2026\/04\/picasso1.jpeg 1024w, https:\/\/studiorder.com\/wp-content\/uploads\/2026\/04\/picasso1-300x231.jpeg 300w, https:\/\/studiorder.com\/wp-content\/uploads\/2026\/04\/picasso1-768x590.jpeg 768w\" sizes=\"auto, (max-width: 1024px) 100vw, 1024px\" \/><figcaption class=\"wp-element-caption\">Property from a Private European Collection<br><br>Pablo Picasso<br><br>1881 &#8211; 1973<br><br>Nature morte<\/figcaption><\/figure>\n\n<\/div>\n<\/div><div class=\"vtg-lightbox\" role=\"dialog\" aria-modal=\"true\" aria-label=\"Item lightbox\">\r\n            <div class=\"vtg-lightbox-backdrop\"><\/div>\r\n            <button class=\"vtg-lightbox-close\" aria-label=\"Close lightbox\" type=\"button\"><svg viewBox=\"0 0 24 24\" width=\"24\" height=\"24\" fill=\"none\" stroke=\"currentColor\" stroke-width=\"2\" aria-hidden=\"true\"><line x1=\"18\" y1=\"6\" x2=\"6\" y2=\"18\" \/><line x1=\"6\" y1=\"6\" x2=\"18\" y2=\"18\" \/><\/svg><\/button>\r\n            <button class=\"vtg-lightbox-prev\" aria-label=\"Previous item\" type=\"button\"><svg viewBox=\"0 0 24 24\" width=\"32\" height=\"32\" fill=\"none\" stroke=\"currentColor\" stroke-width=\"2.5\" stroke-linecap=\"round\" stroke-linejoin=\"round\" aria-hidden=\"true\"><polyline points=\"15 18 9 12 15 6\" \/><\/svg><\/button>\r\n            <button class=\"vtg-lightbox-next\" aria-label=\"Next item\" type=\"button\"><svg viewBox=\"0 0 24 24\" width=\"32\" height=\"32\" fill=\"none\" stroke=\"currentColor\" stroke-width=\"2.5\" stroke-linecap=\"round\" stroke-linejoin=\"round\" aria-hidden=\"true\"><polyline points=\"9 6 15 12 9 18\" \/><\/svg><\/button>\r\n            <div class=\"vtg-lightbox-content\"><\/div>\r\n            \r\n        <\/div><\/div>","protected":false},"excerpt":{"rendered":"","protected":false},"author":1,"featured_media":0,"parent":0,"menu_order":0,"comment_status":"closed","ping_status":"closed","template":"","meta":{"_crdt_document":"","footnotes":""},"class_list":["post-31","page","type-page","status-publish","hentry"],"_links":{"self":[{"href":"https:\/\/studiorder.com\/index.php?rest_route=\/wp\/v2\/pages\/31","targetHints":{"allow":["GET"]}}],"collection":[{"href":"https:\/\/studiorder.com\/index.php?rest_route=\/wp\/v2\/pages"}],"about":[{"href":"https:\/\/studiorder.com\/index.php?rest_route=\/wp\/v2\/types\/page"}],"author":[{"embeddable":true,"href":"https:\/\/studiorder.com\/index.php?rest_route=\/wp\/v2\/users\/1"}],"replies":[{"embeddable":true,"href":"https:\/\/studiorder.com\/index.php?rest_route=%2Fwp%2Fv2%2Fcomments&post=31"}],"version-history":[{"count":8,"href":"https:\/\/studiorder.com\/index.php?rest_route=\/wp\/v2\/pages\/31\/revisions"}],"predecessor-version":[{"id":41,"href":"https:\/\/studiorder.com\/index.php?rest_route=\/wp\/v2\/pages\/31\/revisions\/41"}],"wp:attachment":[{"href":"https:\/\/studiorder.com\/index.php?rest_route=%2Fwp%2Fv2%2Fmedia&parent=31"}],"curies":[{"name":"wp","href":"https:\/\/api.w.org\/{rel}","templated":true}]}}